{"id":1928,"date":"2025-02-02T15:41:57","date_gmt":"2025-02-02T15:41:57","guid":{"rendered":"https:\/\/mafinco.ch\/?page_id=1928"},"modified":"2025-02-04T19:47:32","modified_gmt":"2025-02-04T19:47:32","slug":"personalorientierung","status":"publish","type":"page","link":"https:\/\/mafinco.ch\/index.php\/personalorientierung\/","title":{"rendered":"Personalorientierung"},"content":{"rendered":"\t\t<div data-elementor-type=\"wp-page\" data-elementor-id=\"1928\" class=\"elementor elementor-1928\" data-elementor-post-type=\"page\">\n\t\t\t\t<div class=\"elementor-element elementor-element-56a3817 e-flex e-con-boxed e-con e-parent\" data-id=\"56a3817\" data-element_type=\"container\" data-e-type=\"container\" data-settings=\"{&quot;background_background&quot;:&quot;classic&quot;}\">\n\t\t\t\t\t<div class=\"e-con-inner\">\n\t\t\t\t<div class=\"elementor-element elementor-element-3538b12 gradient-text elementor-widget elementor-widget-heading\" data-id=\"3538b12\" data-element_type=\"widget\" data-e-type=\"widget\" data-widget_type=\"heading.default\">\n\t\t\t\t<div class=\"elementor-widget-container\">\n\t\t\t\t\t<h2 class=\"elementor-heading-title elementor-size-default\">Personalorientierung<\/h2>\t\t\t\t<\/div>\n\t\t\t\t<\/div>\n\t\t\t\t<div class=\"elementor-element elementor-element-a013405 elementor-widget elementor-widget-text-editor\" data-id=\"a013405\" data-element_type=\"widget\" data-e-type=\"widget\" data-widget_type=\"text-editor.default\">\n\t\t\t\t<div class=\"elementor-widget-container\">\n\t\t\t\t\t\t\t\t\t<p>Unabh\u00e4ngige Beratung f\u00fcr Ihr Unternehmen \u2013 Personalorientierte Vorsorge- und Finanzaufkl\u00e4rung<\/p>\t\t\t\t\t\t\t\t<\/div>\n\t\t\t\t<\/div>\n\t\t\t\t<div class=\"elementor-element elementor-element-9bba569 elementor-widget elementor-widget-text-editor\" data-id=\"9bba569\" data-element_type=\"widget\" data-e-type=\"widget\" data-widget_type=\"text-editor.default\">\n\t\t\t\t<div class=\"elementor-widget-container\">\n\t\t\t\t\t\t\t\t\t<p><strong>Mehr Wissen, mehr Sicherheit \u2013 F\u00fcr Ihre Angestellten und Ihr Unternehmen<\/strong><br \/>In der heutigen Zeit ist es f\u00fcr KMU unerl\u00e4sslich, die Angestellten nicht nur \u00fcber die Pensionskassen zu informieren, sondern ihnen auch ein umfassendes Verst\u00e4ndnis f\u00fcr das Schweizer 3-S\u00e4ulen-Prinzip zu vermitteln. Mit unserer unabh\u00e4ngigen Beratung sorgen wir daf\u00fcr, dass Ihre Mitarbeitenden fundiert informiert sind \u2013 sei es zur Altersvorsorge, zur Absicherung im Invalidit\u00e4tsfall oder zu aktuellen Trends in der Finanzwelt.<\/p><p>Unser Fokus liegt dabei auf <strong>Personalorientierung<\/strong>: Wir schaffen massgeschneiderte L\u00f6sungen, die den individuellen Bed\u00fcrfnissen Ihrer Mitarbeitenden entsprechen und damit auch den Erfolg Ihres Unternehmens st\u00e4rken.<\/p>\t\t\t\t\t\t\t\t<\/div>\n\t\t\t\t<\/div>\n\t\t\t\t<div class=\"elementor-element elementor-element-aaeff14 elementor-widget elementor-widget-text-editor\" data-id=\"aaeff14\" data-element_type=\"widget\" data-e-type=\"widget\" data-widget_type=\"text-editor.default\">\n\t\t\t\t<div class=\"elementor-widget-container\">\n\t\t\t\t\t\t\t\t\t<p>Was bieten wir Ihrem Unternehmen<\/p>\t\t\t\t\t\t\t\t<\/div>\n\t\t\t\t<\/div>\n\t\t\t\t<div class=\"elementor-element elementor-element-816202e elementor-widget elementor-widget-text-editor\" data-id=\"816202e\" data-element_type=\"widget\" data-e-type=\"widget\" data-widget_type=\"text-editor.default\">\n\t\t\t\t<div class=\"elementor-widget-container\">\n\t\t\t\t\t\t\t\t\t<p><strong>Umfassende Beratung und Aufkl\u00e4rung f\u00fcr Ihre Angestellten<\/strong><br \/>Unsere Leistungen richten sich speziell an KMU und deren Mitarbeitende:<\/p><ul><li><strong>Information zur Pensionskasse (BVG)<\/strong>: Transparente Erkl\u00e4rung der Leistungen und der Bedeutung der Pensionskasse.<\/li><li><strong>Aufkl\u00e4rung \u00fcber das 3-S\u00e4ulen-Prinzip<\/strong>: Einfache und verst\u00e4ndliche Erl\u00e4uterung der Schweizer Vorsorge (Staatliche, berufliche und private Vorsorge).<\/li><li><strong>Individuelle Beratung<\/strong>: Auf Wunsch pers\u00f6nliche Gespr\u00e4che, um individuelle Fragen und Situationen zu kl\u00e4ren.<\/li><li><strong>Trends in der Finanzwelt<\/strong>: Vermittlung von aktuellem Wissen zu Themen wie nachhaltige Investments, Vorsorgel\u00fccken oder \u00c4nderungen in der Gesetzgebung.<\/li><\/ul><p>Mit unserem Ansatz f\u00f6rdern wir nicht nur die finanzielle Kompetenz Ihrer Mitarbeitenden, sondern steigern auch deren Wertsch\u00e4tzung gegen\u00fcber Ihrem Unternehmen.<\/p>\t\t\t\t\t\t\t\t<\/div>\n\t\t\t\t<\/div>\n\t\t\t\t<div class=\"elementor-element elementor-element-309fd74 elementor-widget elementor-widget-text-editor\" data-id=\"309fd74\" data-element_type=\"widget\" data-e-type=\"widget\" data-widget_type=\"text-editor.default\">\n\t\t\t\t<div class=\"elementor-widget-container\">\n\t\t\t\t\t\t\t\t\t<p>Warum ist die Beratung Ihrer Mitarbeitenden wichtig?<\/p>\t\t\t\t\t\t\t\t<\/div>\n\t\t\t\t<\/div>\n\t\t\t\t<div class=\"elementor-element elementor-element-3d02615 elementor-widget elementor-widget-text-editor\" data-id=\"3d02615\" data-element_type=\"widget\" data-e-type=\"widget\" data-widget_type=\"text-editor.default\">\n\t\t\t\t<div class=\"elementor-widget-container\">\n\t\t\t\t\t\t\t\t\t<p><strong>Sicherheit, Motivation und Vertrauen st\u00e4rken<\/strong><br \/>Eine fundierte Aufkl\u00e4rung Ihrer Angestellten bringt zahlreiche Vorteile \u2013 sowohl f\u00fcr die Mitarbeitenden als auch f\u00fcr Ihr Unternehmen:<\/p><ul><li><strong>Erh\u00f6hte Motivation<\/strong>: Mitarbeitende, die ihre finanzielle Zukunft verstehen und planen k\u00f6nnen, sind zufriedener und engagierter.<\/li><li><strong>Vertrauensaufbau<\/strong>: Sie zeigen, dass Ihnen die finanzielle Sicherheit Ihrer Angestellten am Herzen liegt.<\/li><li><strong>Reduzierte Risiken<\/strong>: Vermeiden Sie Unklarheiten oder Missverst\u00e4ndnisse in der Pensionskassen- und Vorsorgekommunikation.<\/li><li><strong>Employer Branding<\/strong>: Als KMU, das seine Mitarbeitenden umfassend unterst\u00fctzt, st\u00e4rken Sie Ihre Attraktivit\u00e4t als Arbeitgeber.<\/li><\/ul><p>Eine klare und transparente Beratung ist der Schl\u00fcssel zu einem besseren Verst\u00e4ndnis und einer nachhaltigeren Bindung Ihrer Mitarbeitenden.<\/p>\t\t\t\t\t\t\t\t<\/div>\n\t\t\t\t<\/div>\n\t\t\t\t<div class=\"elementor-element elementor-element-afbb581 elementor-widget elementor-widget-text-editor\" data-id=\"afbb581\" data-element_type=\"widget\" data-e-type=\"widget\" data-widget_type=\"text-editor.default\">\n\t\t\t\t<div class=\"elementor-widget-container\">\n\t\t\t\t\t\t\t\t\t<p>Unser Prozess \u2013 So arbeiten wir f\u00fcr Ihr Unternehmen<\/p>\t\t\t\t\t\t\t\t<\/div>\n\t\t\t\t<\/div>\n\t\t\t\t<div class=\"elementor-element elementor-element-2686126 elementor-widget elementor-widget-text-editor\" data-id=\"2686126\" data-element_type=\"widget\" data-e-type=\"widget\" data-widget_type=\"text-editor.default\">\n\t\t\t\t<div class=\"elementor-widget-container\">\n\t\t\t\t\t\t\t\t\t<p><strong>Effizient, unabh\u00e4ngig und personalorientiert<\/strong><\/p><ol><li><strong>Bedarfsanalyse<\/strong>: Wir analysieren gemeinsam mit Ihnen die spezifischen Bed\u00fcrfnisse Ihres Unternehmens und Ihrer Mitarbeitenden.<\/li><li><strong>Informationsveranstaltungen<\/strong>: Durchf\u00fchrung von Workshops oder Seminaren zu den Themen Vorsorge, Pensionskasse und Trends in der Finanzwelt.<\/li><li><strong>Individuelle Beratungen<\/strong>: Auf Wunsch pers\u00f6nliche Gespr\u00e4che mit Ihren Mitarbeitenden, um individuelle Situationen und Fragen zu kl\u00e4ren.<\/li><li><strong>Regelm\u00e4ssige Updates<\/strong>: Fortlaufende Informationen zu \u00c4nderungen im Vorsorgewesen und der Finanzwelt, um Ihre Mitarbeitenden auf dem neuesten Stand zu halten.<\/li><li><strong>Nachhaltige Betreuung<\/strong>: Langfristige Unterst\u00fctzung, um Ihre Mitarbeitenden und Ihr Unternehmen bei der Umsetzung neuer Strategien zu begleiten.<\/li><\/ol>\t\t\t\t\t\t\t\t<\/div>\n\t\t\t\t<\/div>\n\t\t\t\t<div class=\"elementor-element elementor-element-80f95d3 elementor-widget elementor-widget-text-editor\" data-id=\"80f95d3\" data-element_type=\"widget\" data-e-type=\"widget\" data-widget_type=\"text-editor.default\">\n\t\t\t\t<div class=\"elementor-widget-container\">\n\t\t\t\t\t\t\t\t\t<p>Vorteile f\u00fcr KMU und Mitarbeitende<\/p>\t\t\t\t\t\t\t\t<\/div>\n\t\t\t\t<\/div>\n\t\t\t\t<div class=\"elementor-element elementor-element-2102051 elementor-widget elementor-widget-text-editor\" data-id=\"2102051\" data-element_type=\"widget\" data-e-type=\"widget\" data-widget_type=\"text-editor.default\">\n\t\t\t\t<div class=\"elementor-widget-container\">\n\t\t\t\t\t\t\t\t\t<p><strong>Mehrwert durch unabh\u00e4ngige Beratung<\/strong><br \/>Unsere personalorientierte Beratung bringt entscheidende Vorteile:<\/p><ul><li><strong>Unabh\u00e4ngigkeit<\/strong>: Wir vergleichen Anbieter neutral und empfehlen L\u00f6sungen, die wirklich zu Ihren Mitarbeitenden passen.<\/li><li><strong>Transparenz<\/strong>: Komplexe Themen wie Vorsorge oder Pensionskasse werden verst\u00e4ndlich und klar erkl\u00e4rt.<\/li><li><strong>Individuelle L\u00f6sungen<\/strong>: Massgeschneiderte Beratung, die auf die Bed\u00fcrfnisse Ihrer Mitarbeitenden abgestimmt ist.<\/li><li><strong>Motivierte Mitarbeitende<\/strong>: Fundierte finanzielle Sicherheit steigert das Engagement und die Zufriedenheit der Angestellten.<\/li><li><strong>Rechts- und Marktwissen<\/strong>: Wir informieren \u00fcber gesetzliche \u00c4nderungen und aktuelle Entwicklungen in der Finanzwelt.<\/li><\/ul>\t\t\t\t\t\t\t\t<\/div>\n\t\t\t\t<\/div>\n\t\t\t\t<div class=\"elementor-element elementor-element-3f80ea1 elementor-widget elementor-widget-text-editor\" data-id=\"3f80ea1\" data-element_type=\"widget\" data-e-type=\"widget\" data-widget_type=\"text-editor.default\">\n\t\t\t\t<div class=\"elementor-widget-container\">\n\t\t\t\t\t\t\t\t\t<p>Starten Sie jetzt \u2013 F\u00fcr ein starkes Unternehmen mit zufriedenen Mitarbeitenden<\/p>\t\t\t\t\t\t\t\t<\/div>\n\t\t\t\t<\/div>\n\t\t\t\t<div class=\"elementor-element elementor-element-9407d96 elementor-widget elementor-widget-text-editor\" data-id=\"9407d96\" data-element_type=\"widget\" data-e-type=\"widget\" data-widget_type=\"text-editor.default\">\n\t\t\t\t<div class=\"elementor-widget-container\">\n\t\t\t\t\t\t\t\t\t<p><strong>Setzen Sie auf Personalorientierung und profitieren Sie doppelt<\/strong><br \/>Gut informierte Mitarbeitende sind ein Schl\u00fcssel f\u00fcr den Erfolg Ihres Unternehmens. Mit unserer unabh\u00e4ngigen Beratung schaffen Sie nicht nur finanzielle Sicherheit, sondern auch Vertrauen und Motivation.<\/p><p><strong>Kontaktieren Sie uns \u2013 Gemeinsam machen wir Ihr Unternehmen zukunftssicher!<\/strong><\/p>\t\t\t\t\t\t\t\t<\/div>\n\t\t\t\t<\/div>\n\t\t\t\t<div class=\"elementor-element elementor-element-6360af8 elementor-widget elementor-widget-button\" data-id=\"6360af8\" data-element_type=\"widget\" data-e-type=\"widget\" data-widget_type=\"button.default\">\n\t\t\t\t<div class=\"elementor-widget-container\">\n\t\t\t\t\t\t\t\t\t<div class=\"elementor-button-wrapper\">\n\t\t\t\t\t<a class=\"elementor-button elementor-button-link elementor-size-sm elementor-animation-sink\" href=\"https:\/\/mafinco.ch\/index.php\/kontakt\/\">\n\t\t\t\t\t\t<span class=\"elementor-button-content-wrapper\">\n\t\t\t\t\t\t\t\t\t<span class=\"elementor-button-text\">Melde dich bei uns<\/span>\n\t\t\t\t\t<\/span>\n\t\t\t\t\t<\/a>\n\t\t\t\t<\/div>\n\t\t\t\t\t\t\t\t<\/div>\n\t\t\t\t<\/div>\n\t\t\t\t\t<\/div>\n\t\t\t\t<\/div>\n\t\t\t\t<\/div>\n\t\t","protected":false},"excerpt":{"rendered":"<p>Personalorientierung Unabh\u00e4ngige Beratung f\u00fcr Ihr Unternehmen \u2013 Personalorientierte Vorsorge- und Finanzaufkl\u00e4rung Mehr Wissen, mehr Sicherheit \u2013 F\u00fcr Ihre Angestellten und Ihr UnternehmenIn der heutigen Zeit ist es f\u00fcr KMU unerl\u00e4sslich, die Angestellten nicht nur \u00fcber die Pensionskassen zu informieren, sondern ihnen auch ein umfassendes Verst\u00e4ndnis f\u00fcr das Schweizer 3-S\u00e4ulen-Prinzip zu vermitteln. Mit unserer unabh\u00e4ngigen Beratung [&hellip;]<\/p>\n","protected":false},"author":1,"featured_media":0,"parent":0,"menu_order":0,"comment_status":"closed","ping_status":"closed","template":"","meta":{"inline_featured_image":false,"footnotes":""},"class_list":["post-1928","page","type-page","status-publish","hentry"],"yoast_head":"<!-- This site is optimized with the Yoast SEO plugin v27.4 - https:\/\/yoast.com\/product\/yoast-seo-wordpress\/ -->\n<title>Personalorientierung - mafinco<\/title>\n<meta name=\"robots\" content=\"index, follow, max-snippet:-1, max-image-preview:large, max-video-preview:-1\" \/>\n<link rel=\"canonical\" href=\"https:\/\/mafinco.ch\/index.php\/personalorientierung\/\" \/>\n<meta property=\"og:locale\" content=\"de_DE\" \/>\n<meta property=\"og:type\" content=\"article\" \/>\n<meta property=\"og:title\" content=\"Personalorientierung - mafinco\" \/>\n<meta property=\"og:description\" content=\"Personalorientierung Unabh\u00e4ngige Beratung f\u00fcr Ihr Unternehmen \u2013 Personalorientierte Vorsorge- und Finanzaufkl\u00e4rung Mehr Wissen, mehr Sicherheit \u2013 F\u00fcr Ihre Angestellten und Ihr UnternehmenIn der heutigen Zeit ist es f\u00fcr KMU unerl\u00e4sslich, die Angestellten nicht nur \u00fcber die Pensionskassen zu informieren, sondern ihnen auch ein umfassendes Verst\u00e4ndnis f\u00fcr das Schweizer 3-S\u00e4ulen-Prinzip zu vermitteln. Mit unserer unabh\u00e4ngigen Beratung [&hellip;]\" \/>\n<meta property=\"og:url\" content=\"https:\/\/mafinco.ch\/index.php\/personalorientierung\/\" \/>\n<meta property=\"og:site_name\" content=\"mafinco\" \/>\n<meta property=\"article:modified_time\" content=\"2025-02-04T19:47:32+00:00\" \/>\n<meta name=\"twitter:card\" content=\"summary_large_image\" \/>\n<meta name=\"twitter:label1\" content=\"Gesch\u00e4tzte Lesezeit\" \/>\n\t<meta name=\"twitter:data1\" content=\"3\u00a0Minuten\" \/>\n<script type=\"application\/ld+json\" class=\"yoast-schema-graph\">{\"@context\":\"https:\\\/\\\/schema.org\",\"@graph\":[{\"@type\":\"WebPage\",\"@id\":\"https:\\\/\\\/mafinco.ch\\\/index.php\\\/personalorientierung\\\/\",\"url\":\"https:\\\/\\\/mafinco.ch\\\/index.php\\\/personalorientierung\\\/\",\"name\":\"Personalorientierung - mafinco\",\"isPartOf\":{\"@id\":\"https:\\\/\\\/mafinco.ch\\\/#website\"},\"datePublished\":\"2025-02-02T15:41:57+00:00\",\"dateModified\":\"2025-02-04T19:47:32+00:00\",\"breadcrumb\":{\"@id\":\"https:\\\/\\\/mafinco.ch\\\/index.php\\\/personalorientierung\\\/#breadcrumb\"},\"inLanguage\":\"de\",\"potentialAction\":[{\"@type\":\"ReadAction\",\"target\":[\"https:\\\/\\\/mafinco.ch\\\/index.php\\\/personalorientierung\\\/\"]}]},{\"@type\":\"BreadcrumbList\",\"@id\":\"https:\\\/\\\/mafinco.ch\\\/index.php\\\/personalorientierung\\\/#breadcrumb\",\"itemListElement\":[{\"@type\":\"ListItem\",\"position\":1,\"name\":\"Startseite\",\"item\":\"https:\\\/\\\/mafinco.ch\\\/\"},{\"@type\":\"ListItem\",\"position\":2,\"name\":\"Personalorientierung\"}]},{\"@type\":\"WebSite\",\"@id\":\"https:\\\/\\\/mafinco.ch\\\/#website\",\"url\":\"https:\\\/\\\/mafinco.ch\\\/\",\"name\":\"mafinco\",\"description\":\"\",\"publisher\":{\"@id\":\"https:\\\/\\\/mafinco.ch\\\/#organization\"},\"potentialAction\":[{\"@type\":\"SearchAction\",\"target\":{\"@type\":\"EntryPoint\",\"urlTemplate\":\"https:\\\/\\\/mafinco.ch\\\/?s={search_term_string}\"},\"query-input\":{\"@type\":\"PropertyValueSpecification\",\"valueRequired\":true,\"valueName\":\"search_term_string\"}}],\"inLanguage\":\"de\"},{\"@type\":\"Organization\",\"@id\":\"https:\\\/\\\/mafinco.ch\\\/#organization\",\"name\":\"mafinco\",\"url\":\"https:\\\/\\\/mafinco.ch\\\/\",\"logo\":{\"@type\":\"ImageObject\",\"inLanguage\":\"de\",\"@id\":\"https:\\\/\\\/mafinco.ch\\\/#\\\/schema\\\/logo\\\/image\\\/\",\"url\":\"https:\\\/\\\/mafinco.ch\\\/wp-content\\\/uploads\\\/2024\\\/09\\\/Mafinco-Complete.svg\",\"contentUrl\":\"https:\\\/\\\/mafinco.ch\\\/wp-content\\\/uploads\\\/2024\\\/09\\\/Mafinco-Complete.svg\",\"width\":680,\"height\":404,\"caption\":\"mafinco\"},\"image\":{\"@id\":\"https:\\\/\\\/mafinco.ch\\\/#\\\/schema\\\/logo\\\/image\\\/\"}}]}<\/script>\n<!-- \/ Yoast SEO plugin. -->","yoast_head_json":{"title":"Personalorientierung - mafinco","robots":{"index":"index","follow":"follow","max-snippet":"max-snippet:-1","max-image-preview":"max-image-preview:large","max-video-preview":"max-video-preview:-1"},"canonical":"https:\/\/mafinco.ch\/index.php\/personalorientierung\/","og_locale":"de_DE","og_type":"article","og_title":"Personalorientierung - mafinco","og_description":"Personalorientierung Unabh\u00e4ngige Beratung f\u00fcr Ihr Unternehmen \u2013 Personalorientierte Vorsorge- und Finanzaufkl\u00e4rung Mehr Wissen, mehr Sicherheit \u2013 F\u00fcr Ihre Angestellten und Ihr UnternehmenIn der heutigen Zeit ist es f\u00fcr KMU unerl\u00e4sslich, die Angestellten nicht nur \u00fcber die Pensionskassen zu informieren, sondern ihnen auch ein umfassendes Verst\u00e4ndnis f\u00fcr das Schweizer 3-S\u00e4ulen-Prinzip zu vermitteln. Mit unserer unabh\u00e4ngigen Beratung [&hellip;]","og_url":"https:\/\/mafinco.ch\/index.php\/personalorientierung\/","og_site_name":"mafinco","article_modified_time":"2025-02-04T19:47:32+00:00","twitter_card":"summary_large_image","twitter_misc":{"Gesch\u00e4tzte Lesezeit":"3\u00a0Minuten"},"schema":{"@context":"https:\/\/schema.org","@graph":[{"@type":"WebPage","@id":"https:\/\/mafinco.ch\/index.php\/personalorientierung\/","url":"https:\/\/mafinco.ch\/index.php\/personalorientierung\/","name":"Personalorientierung - mafinco","isPartOf":{"@id":"https:\/\/mafinco.ch\/#website"},"datePublished":"2025-02-02T15:41:57+00:00","dateModified":"2025-02-04T19:47:32+00:00","breadcrumb":{"@id":"https:\/\/mafinco.ch\/index.php\/personalorientierung\/#breadcrumb"},"inLanguage":"de","potentialAction":[{"@type":"ReadAction","target":["https:\/\/mafinco.ch\/index.php\/personalorientierung\/"]}]},{"@type":"BreadcrumbList","@id":"https:\/\/mafinco.ch\/index.php\/personalorientierung\/#breadcrumb","itemListElement":[{"@type":"ListItem","position":1,"name":"Startseite","item":"https:\/\/mafinco.ch\/"},{"@type":"ListItem","position":2,"name":"Personalorientierung"}]},{"@type":"WebSite","@id":"https:\/\/mafinco.ch\/#website","url":"https:\/\/mafinco.ch\/","name":"mafinco","description":"","publisher":{"@id":"https:\/\/mafinco.ch\/#organization"},"potentialAction":[{"@type":"SearchAction","target":{"@type":"EntryPoint","urlTemplate":"https:\/\/mafinco.ch\/?s={search_term_string}"},"query-input":{"@type":"PropertyValueSpecification","valueRequired":true,"valueName":"search_term_string"}}],"inLanguage":"de"},{"@type":"Organization","@id":"https:\/\/mafinco.ch\/#organization","name":"mafinco","url":"https:\/\/mafinco.ch\/","logo":{"@type":"ImageObject","inLanguage":"de","@id":"https:\/\/mafinco.ch\/#\/schema\/logo\/image\/","url":"https:\/\/mafinco.ch\/wp-content\/uploads\/2024\/09\/Mafinco-Complete.svg","contentUrl":"https:\/\/mafinco.ch\/wp-content\/uploads\/2024\/09\/Mafinco-Complete.svg","width":680,"height":404,"caption":"mafinco"},"image":{"@id":"https:\/\/mafinco.ch\/#\/schema\/logo\/image\/"}}]}},"_links":{"self":[{"href":"https:\/\/mafinco.ch\/index.php\/wp-json\/wp\/v2\/pages\/1928","targetHints":{"allow":["GET"]}}],"collection":[{"href":"https:\/\/mafinco.ch\/index.php\/wp-json\/wp\/v2\/pages"}],"about":[{"href":"https:\/\/mafinco.ch\/index.php\/wp-json\/wp\/v2\/types\/page"}],"author":[{"embeddable":true,"href":"https:\/\/mafinco.ch\/index.php\/wp-json\/wp\/v2\/users\/1"}],"replies":[{"embeddable":true,"href":"https:\/\/mafinco.ch\/index.php\/wp-json\/wp\/v2\/comments?post=1928"}],"version-history":[{"count":13,"href":"https:\/\/mafinco.ch\/index.php\/wp-json\/wp\/v2\/pages\/1928\/revisions"}],"predecessor-version":[{"id":2160,"href":"https:\/\/mafinco.ch\/index.php\/wp-json\/wp\/v2\/pages\/1928\/revisions\/2160"}],"wp:attachment":[{"href":"https:\/\/mafinco.ch\/index.php\/wp-json\/wp\/v2\/media?parent=1928"}],"curies":[{"name":"wp","href":"https:\/\/api.w.org\/{rel}","templated":true}]}}