{"id":1245,"date":"2024-12-07T09:59:20","date_gmt":"2024-12-07T09:59:20","guid":{"rendered":"https:\/\/mafinco.ch\/?page_id=1245"},"modified":"2025-02-06T18:01:07","modified_gmt":"2025-02-06T18:01:07","slug":"finanzplanung","status":"publish","type":"page","link":"https:\/\/mafinco.ch\/index.php\/finanzplanung\/","title":{"rendered":"Finanzplanung"},"content":{"rendered":"\t\t<div data-elementor-type=\"wp-page\" data-elementor-id=\"1245\" class=\"elementor elementor-1245\" data-elementor-post-type=\"page\">\n\t\t\t\t<div class=\"elementor-element elementor-element-f6ad4f1 e-flex e-con-boxed e-con e-parent\" data-id=\"f6ad4f1\" data-element_type=\"container\" data-e-type=\"container\" data-settings=\"{&quot;background_background&quot;:&quot;classic&quot;}\">\n\t\t\t\t\t<div class=\"e-con-inner\">\n\t\t\t\t<div class=\"elementor-element elementor-element-7d435db0 gradient-text elementor-widget elementor-widget-heading\" data-id=\"7d435db0\" data-element_type=\"widget\" data-e-type=\"widget\" data-widget_type=\"heading.default\">\n\t\t\t\t<div class=\"elementor-widget-container\">\n\t\t\t\t\t<h2 class=\"elementor-heading-title elementor-size-default\">Finanzplanung<\/h2>\t\t\t\t<\/div>\n\t\t\t\t<\/div>\n\t\t\t\t<div class=\"elementor-element elementor-element-358f93ec elementor-widget elementor-widget-text-editor\" data-id=\"358f93ec\" data-element_type=\"widget\" data-e-type=\"widget\" data-widget_type=\"text-editor.default\">\n\t\t\t\t<div class=\"elementor-widget-container\">\n\t\t\t\t\t\t\t\t\t<p>Ganzheitliche Finanzplanung\u00a0 \u2013 Ihr Weg zu finanzieller Sicherheit und Freiheit<\/p>\t\t\t\t\t\t\t\t<\/div>\n\t\t\t\t<\/div>\n\t\t\t\t<div class=\"elementor-element elementor-element-f27e447 elementor-widget elementor-widget-text-editor\" data-id=\"f27e447\" data-element_type=\"widget\" data-e-type=\"widget\" data-widget_type=\"text-editor.default\">\n\t\t\t\t<div class=\"elementor-widget-container\">\n\t\t\t\t\t\t\t\t\t<p><strong>Ihre Finanzen im Blick \u2013 f\u00fcr heute, morgen und die Zukunft<\/strong><br \/>Eine professionelle Finanzplanung ist der Schl\u00fcssel zu einer stabilen und sicheren finanziellen Basis. Ob Vorsorge, Pensionsplanung, Wertschriftendepots, Hypotheken oder rechtliche Vorsorge \u2013 wir analysieren Ihre gesamte finanzielle Situation, um Ihnen eine klare Strategie f\u00fcr Ihre Ziele und W\u00fcnsche zu bieten.<\/p><p>Mit unserer umfassenden Beratung vereinen wir die wichtigsten Elemente der Finanzplanung, um Sie optimal auf alle Lebensphasen vorzubereiten \u2013 f\u00fcr mehr Sicherheit, Freiheit und Lebensqualit\u00e4t.<\/p>\t\t\t\t\t\t\t\t<\/div>\n\t\t\t\t<\/div>\n\t\t\t\t<div class=\"elementor-element elementor-element-36f522c elementor-widget elementor-widget-text-editor\" data-id=\"36f522c\" data-element_type=\"widget\" data-e-type=\"widget\" data-widget_type=\"text-editor.default\">\n\t\t\t\t<div class=\"elementor-widget-container\">\n\t\t\t\t\t\t\t\t\t<p>Was ist Finanzplanung?<\/p>\t\t\t\t\t\t\t\t<\/div>\n\t\t\t\t<\/div>\n\t\t\t\t<div class=\"elementor-element elementor-element-d0eaedf elementor-widget elementor-widget-text-editor\" data-id=\"d0eaedf\" data-element_type=\"widget\" data-e-type=\"widget\" data-widget_type=\"text-editor.default\">\n\t\t\t\t<div class=\"elementor-widget-container\">\n\t\t\t\t\t\t\t\t\t<p><strong>Der ganzheitliche Ansatz f\u00fcr Ihre finanzielle Zukunft<\/strong><br \/>Die Finanzplanung geht weit \u00fcber einzelne Bereiche wie Vorsorge oder Budgetplanung hinaus. Sie umfasst:<\/p><ul><li><strong>Vorsorgeplanung<\/strong>: Absicherung bei Tod, Invalidit\u00e4t und im Alter.<\/li><li><strong>Pensionsplanung<\/strong>: Fundierte Entscheidung zwischen Rente und Kapital mit detaillierter Budgetplanung.<\/li><li><strong>Wertschriftendepots<\/strong>: \u00dcberpr\u00fcfung und Optimierung Ihrer Anlageportfolios.<\/li><li><strong>Hypothekenmanagement<\/strong>: Analyse und Optimierung Ihrer Hypothekarsituation.<\/li><li><strong>Rechtliche Vorsorge<\/strong>: Absicherung durch Ehe- und Erbvertr\u00e4ge, Vollmachten und Testamente.<\/li><\/ul><p>Wir bieten Ihnen eine strukturierte \u00dcbersicht Ihrer finanziellen Situation, um Ihre Ziele effizient und sicher zu erreichen.<\/p>\t\t\t\t\t\t\t\t<\/div>\n\t\t\t\t<\/div>\n\t\t\t\t<div class=\"elementor-element elementor-element-5e2d431 elementor-widget elementor-widget-text-editor\" data-id=\"5e2d431\" data-element_type=\"widget\" data-e-type=\"widget\" data-widget_type=\"text-editor.default\">\n\t\t\t\t<div class=\"elementor-widget-container\">\n\t\t\t\t\t\t\t\t\t<p>Warum ist Finanzplanung wichtig?<\/p>\t\t\t\t\t\t\t\t<\/div>\n\t\t\t\t<\/div>\n\t\t\t\t<div class=\"elementor-element elementor-element-6c783e0 elementor-widget elementor-widget-text-editor\" data-id=\"6c783e0\" data-element_type=\"widget\" data-e-type=\"widget\" data-widget_type=\"text-editor.default\">\n\t\t\t\t<div class=\"elementor-widget-container\">\n\t\t\t\t\t\t\t\t\t<p><strong>Verantwortung \u00fcbernehmen und finanziell unabh\u00e4ngig bleiben<\/strong><br \/>Eine ganzheitliche Finanzplanung bietet Ihnen:<\/p><ul><li><strong>Sicherheit<\/strong>: Sie kennen Ihre finanziellen M\u00f6glichkeiten und Risiken.<\/li><li><strong>Planbarkeit<\/strong>: Ihre Ziele \u2013 sei es Eigenheim, Altersvorsorge oder finanzielle Unabh\u00e4ngigkeit \u2013 sind klar definiert.<\/li><li><strong>Flexibilit\u00e4t<\/strong>: Sie k\u00f6nnen auf Ver\u00e4nderungen in Ihrem Leben oder auf den Finanzm\u00e4rkten reagieren.<\/li><li><strong>Schutz<\/strong>: Ihre Familie und Ihr Verm\u00f6gen sind rechtlich und finanziell abgesichert.<\/li><\/ul><p>Mit einer durchdachten Finanzplanung vermeiden Sie unn\u00f6tige Risiken und schaffen die Grundlage f\u00fcr eine sorgenfreie Zukunft.<\/p>\t\t\t\t\t\t\t\t<\/div>\n\t\t\t\t<\/div>\n\t\t\t\t<div class=\"elementor-element elementor-element-d6fd913 elementor-widget elementor-widget-text-editor\" data-id=\"d6fd913\" data-element_type=\"widget\" data-e-type=\"widget\" data-widget_type=\"text-editor.default\">\n\t\t\t\t<div class=\"elementor-widget-container\">\n\t\t\t\t\t\t\t\t\t<p>So funktioniert unsere Finanzberatung<\/p>\t\t\t\t\t\t\t\t<\/div>\n\t\t\t\t<\/div>\n\t\t\t\t<div class=\"elementor-element elementor-element-60de93e elementor-widget elementor-widget-text-editor\" data-id=\"60de93e\" data-element_type=\"widget\" data-e-type=\"widget\" data-widget_type=\"text-editor.default\">\n\t\t\t\t<div class=\"elementor-widget-container\">\n\t\t\t\t\t\t\t\t\t<p><strong>Schritt f\u00fcr Schritt zu Ihrer individuellen Finanzstrategie<\/strong><\/p><ol><li><strong>Analyse Ihrer aktuellen Situation<\/strong>: Wir betrachten Ihre Einnahmen, Ausgaben, Verm\u00f6genswerte und Verbindlichkeiten.<\/li><li><strong>\u00dcberpr\u00fcfung Ihrer bestehenden Vorsorge und Anlagen<\/strong>: Analyse von Vorsorgepl\u00e4nen, Wertschriftendepots, Hypotheken und rechtlichen Dokumenten.<\/li><li><strong>Entwicklung einer Finanzstrategie<\/strong>: Erstellung eines massgeschneiderten Plans basierend auf Ihren Zielen und Bed\u00fcrfnissen.<\/li><li><strong>Langfristige Begleitung<\/strong>: Regelm\u00e4ssige \u00dcberpr\u00fcfung und Anpassung Ihrer Finanzstrategie an ver\u00e4nderte Lebensumst\u00e4nde oder Marktbedingungen.<\/li><\/ol>\t\t\t\t\t\t\t\t<\/div>\n\t\t\t\t<\/div>\n\t\t\t\t<div class=\"elementor-element elementor-element-67171de elementor-widget elementor-widget-text-editor\" data-id=\"67171de\" data-element_type=\"widget\" data-e-type=\"widget\" data-widget_type=\"text-editor.default\">\n\t\t\t\t<div class=\"elementor-widget-container\">\n\t\t\t\t\t\t\t\t\t<p>Ihre Vorteile durch unsere Finanzplanung<\/p>\t\t\t\t\t\t\t\t<\/div>\n\t\t\t\t<\/div>\n\t\t\t\t<div class=\"elementor-element elementor-element-845e791 elementor-widget elementor-widget-text-editor\" data-id=\"845e791\" data-element_type=\"widget\" data-e-type=\"widget\" data-widget_type=\"text-editor.default\">\n\t\t\t\t<div class=\"elementor-widget-container\">\n\t\t\t\t\t\t\t\t\t<p><strong>Warum Sie sich f\u00fcr uns entscheiden sollten<\/strong><\/p><ul><li><strong>Ganzheitlicher Ansatz<\/strong>: Wir integrieren alle relevanten Aspekte Ihrer Finanzen in eine umfassende Strategie.<\/li><li><strong>Transparenz und Unabh\u00e4ngigkeit<\/strong>: Wir vergleichen Produkte und L\u00f6sungen neutral und zeigen Ihnen Vor- und Nachteile auf.<\/li><li><strong>Erfahrung und Expertise<\/strong>: Langj\u00e4hrige Erfahrung in den Bereichen Vorsorge, Verm\u00f6gensverwaltung, Hypotheken und rechtliche Absicherung.<\/li><li><strong>Individuelle L\u00f6sungen<\/strong>: Jeder Plan ist massgeschneidert und an Ihre Lebenssituation angepasst.<\/li><\/ul>\t\t\t\t\t\t\t\t<\/div>\n\t\t\t\t<\/div>\n\t\t\t\t<div class=\"elementor-element elementor-element-5cbddd3 elementor-widget elementor-widget-text-editor\" data-id=\"5cbddd3\" data-element_type=\"widget\" data-e-type=\"widget\" data-widget_type=\"text-editor.default\">\n\t\t\t\t<div class=\"elementor-widget-container\">\n\t\t\t\t\t\t\t\t\t<p>Finanzplanung, die Vertrauen schafft<\/p>\t\t\t\t\t\t\t\t<\/div>\n\t\t\t\t<\/div>\n\t\t\t\t<div class=\"elementor-element elementor-element-cbe904a elementor-widget elementor-widget-text-editor\" data-id=\"cbe904a\" data-element_type=\"widget\" data-e-type=\"widget\" data-widget_type=\"text-editor.default\">\n\t\t\t\t<div class=\"elementor-widget-container\">\n\t\t\t\t\t\t\t\t\t<p><strong>Finanzplanung, die Vertrauen schafft <\/strong><\/p><p><strong>Vereinbaren Sie jetzt Ihr unverbindliches Erstgespr\u00e4ch<\/strong><br \/>Die Grundlage einer erfolgreichen Finanzplanung ist eine individuelle Beratung, die Ihre Bed\u00fcrfnisse und Ziele in den Mittelpunkt stellt. Lassen Sie uns gemeinsam die Basis f\u00fcr Ihre finanzielle Sicherheit schaffen.<\/p><p><strong>Kontaktieren Sie uns \u2013 Ihre Zukunft beginnt heute!<\/strong><\/p>\t\t\t\t\t\t\t\t<\/div>\n\t\t\t\t<\/div>\n\t\t\t\t<div class=\"elementor-element elementor-element-30dca33f elementor-widget elementor-widget-button\" data-id=\"30dca33f\" data-element_type=\"widget\" data-e-type=\"widget\" data-widget_type=\"button.default\">\n\t\t\t\t<div class=\"elementor-widget-container\">\n\t\t\t\t\t\t\t\t\t<div class=\"elementor-button-wrapper\">\n\t\t\t\t\t<a class=\"elementor-button elementor-button-link elementor-size-sm elementor-animation-sink\" href=\"https:\/\/mafinco.ch\/index.php\/kontakt\/\">\n\t\t\t\t\t\t<span class=\"elementor-button-content-wrapper\">\n\t\t\t\t\t\t\t\t\t<span class=\"elementor-button-text\">Melde dich bei uns<\/span>\n\t\t\t\t\t<\/span>\n\t\t\t\t\t<\/a>\n\t\t\t\t<\/div>\n\t\t\t\t\t\t\t\t<\/div>\n\t\t\t\t<\/div>\n\t\t\t\t\t<\/div>\n\t\t\t\t<\/div>\n\t\t\t\t<\/div>\n\t\t","protected":false},"excerpt":{"rendered":"<p>Finanzplanung Ganzheitliche Finanzplanung\u00a0 \u2013 Ihr Weg zu finanzieller Sicherheit und Freiheit Ihre Finanzen im Blick \u2013 f\u00fcr heute, morgen und die ZukunftEine professionelle Finanzplanung ist der Schl\u00fcssel zu einer stabilen und sicheren finanziellen Basis. Ob Vorsorge, Pensionsplanung, Wertschriftendepots, Hypotheken oder rechtliche Vorsorge \u2013 wir analysieren Ihre gesamte finanzielle Situation, um Ihnen eine klare Strategie f\u00fcr [&hellip;]<\/p>\n","protected":false},"author":1,"featured_media":0,"parent":0,"menu_order":0,"comment_status":"closed","ping_status":"closed","template":"","meta":{"inline_featured_image":false,"footnotes":""},"class_list":["post-1245","page","type-page","status-publish","hentry"],"yoast_head":"<!-- This site is optimized with the Yoast SEO plugin v27.4 - https:\/\/yoast.com\/product\/yoast-seo-wordpress\/ -->\n<title>Finanzplanung - mafinco<\/title>\n<meta name=\"robots\" content=\"index, follow, max-snippet:-1, max-image-preview:large, max-video-preview:-1\" \/>\n<link rel=\"canonical\" href=\"https:\/\/mafinco.ch\/index.php\/finanzplanung\/\" \/>\n<meta property=\"og:locale\" content=\"de_DE\" \/>\n<meta property=\"og:type\" content=\"article\" \/>\n<meta property=\"og:title\" content=\"Finanzplanung - mafinco\" \/>\n<meta property=\"og:description\" content=\"Finanzplanung Ganzheitliche Finanzplanung\u00a0 \u2013 Ihr Weg zu finanzieller Sicherheit und Freiheit Ihre Finanzen im Blick \u2013 f\u00fcr heute, morgen und die ZukunftEine professionelle Finanzplanung ist der Schl\u00fcssel zu einer stabilen und sicheren finanziellen Basis. Ob Vorsorge, Pensionsplanung, Wertschriftendepots, Hypotheken oder rechtliche Vorsorge \u2013 wir analysieren Ihre gesamte finanzielle Situation, um Ihnen eine klare Strategie f\u00fcr [&hellip;]\" \/>\n<meta property=\"og:url\" content=\"https:\/\/mafinco.ch\/index.php\/finanzplanung\/\" \/>\n<meta property=\"og:site_name\" content=\"mafinco\" \/>\n<meta property=\"article:modified_time\" content=\"2025-02-06T18:01:07+00:00\" \/>\n<meta name=\"twitter:card\" content=\"summary_large_image\" \/>\n<meta name=\"twitter:label1\" content=\"Gesch\u00e4tzte Lesezeit\" \/>\n\t<meta name=\"twitter:data1\" content=\"3\u00a0Minuten\" \/>\n<script type=\"application\/ld+json\" class=\"yoast-schema-graph\">{\"@context\":\"https:\\\/\\\/schema.org\",\"@graph\":[{\"@type\":\"WebPage\",\"@id\":\"https:\\\/\\\/mafinco.ch\\\/index.php\\\/finanzplanung\\\/\",\"url\":\"https:\\\/\\\/mafinco.ch\\\/index.php\\\/finanzplanung\\\/\",\"name\":\"Finanzplanung - mafinco\",\"isPartOf\":{\"@id\":\"https:\\\/\\\/mafinco.ch\\\/#website\"},\"datePublished\":\"2024-12-07T09:59:20+00:00\",\"dateModified\":\"2025-02-06T18:01:07+00:00\",\"breadcrumb\":{\"@id\":\"https:\\\/\\\/mafinco.ch\\\/index.php\\\/finanzplanung\\\/#breadcrumb\"},\"inLanguage\":\"de\",\"potentialAction\":[{\"@type\":\"ReadAction\",\"target\":[\"https:\\\/\\\/mafinco.ch\\\/index.php\\\/finanzplanung\\\/\"]}]},{\"@type\":\"BreadcrumbList\",\"@id\":\"https:\\\/\\\/mafinco.ch\\\/index.php\\\/finanzplanung\\\/#breadcrumb\",\"itemListElement\":[{\"@type\":\"ListItem\",\"position\":1,\"name\":\"Startseite\",\"item\":\"https:\\\/\\\/mafinco.ch\\\/\"},{\"@type\":\"ListItem\",\"position\":2,\"name\":\"Finanzplanung\"}]},{\"@type\":\"WebSite\",\"@id\":\"https:\\\/\\\/mafinco.ch\\\/#website\",\"url\":\"https:\\\/\\\/mafinco.ch\\\/\",\"name\":\"mafinco\",\"description\":\"\",\"publisher\":{\"@id\":\"https:\\\/\\\/mafinco.ch\\\/#organization\"},\"potentialAction\":[{\"@type\":\"SearchAction\",\"target\":{\"@type\":\"EntryPoint\",\"urlTemplate\":\"https:\\\/\\\/mafinco.ch\\\/?s={search_term_string}\"},\"query-input\":{\"@type\":\"PropertyValueSpecification\",\"valueRequired\":true,\"valueName\":\"search_term_string\"}}],\"inLanguage\":\"de\"},{\"@type\":\"Organization\",\"@id\":\"https:\\\/\\\/mafinco.ch\\\/#organization\",\"name\":\"mafinco\",\"url\":\"https:\\\/\\\/mafinco.ch\\\/\",\"logo\":{\"@type\":\"ImageObject\",\"inLanguage\":\"de\",\"@id\":\"https:\\\/\\\/mafinco.ch\\\/#\\\/schema\\\/logo\\\/image\\\/\",\"url\":\"https:\\\/\\\/mafinco.ch\\\/wp-content\\\/uploads\\\/2024\\\/09\\\/Mafinco-Complete.svg\",\"contentUrl\":\"https:\\\/\\\/mafinco.ch\\\/wp-content\\\/uploads\\\/2024\\\/09\\\/Mafinco-Complete.svg\",\"width\":680,\"height\":404,\"caption\":\"mafinco\"},\"image\":{\"@id\":\"https:\\\/\\\/mafinco.ch\\\/#\\\/schema\\\/logo\\\/image\\\/\"}}]}<\/script>\n<!-- \/ Yoast SEO plugin. -->","yoast_head_json":{"title":"Finanzplanung - mafinco","robots":{"index":"index","follow":"follow","max-snippet":"max-snippet:-1","max-image-preview":"max-image-preview:large","max-video-preview":"max-video-preview:-1"},"canonical":"https:\/\/mafinco.ch\/index.php\/finanzplanung\/","og_locale":"de_DE","og_type":"article","og_title":"Finanzplanung - mafinco","og_description":"Finanzplanung Ganzheitliche Finanzplanung\u00a0 \u2013 Ihr Weg zu finanzieller Sicherheit und Freiheit Ihre Finanzen im Blick \u2013 f\u00fcr heute, morgen und die ZukunftEine professionelle Finanzplanung ist der Schl\u00fcssel zu einer stabilen und sicheren finanziellen Basis. Ob Vorsorge, Pensionsplanung, Wertschriftendepots, Hypotheken oder rechtliche Vorsorge \u2013 wir analysieren Ihre gesamte finanzielle Situation, um Ihnen eine klare Strategie f\u00fcr [&hellip;]","og_url":"https:\/\/mafinco.ch\/index.php\/finanzplanung\/","og_site_name":"mafinco","article_modified_time":"2025-02-06T18:01:07+00:00","twitter_card":"summary_large_image","twitter_misc":{"Gesch\u00e4tzte Lesezeit":"3\u00a0Minuten"},"schema":{"@context":"https:\/\/schema.org","@graph":[{"@type":"WebPage","@id":"https:\/\/mafinco.ch\/index.php\/finanzplanung\/","url":"https:\/\/mafinco.ch\/index.php\/finanzplanung\/","name":"Finanzplanung - mafinco","isPartOf":{"@id":"https:\/\/mafinco.ch\/#website"},"datePublished":"2024-12-07T09:59:20+00:00","dateModified":"2025-02-06T18:01:07+00:00","breadcrumb":{"@id":"https:\/\/mafinco.ch\/index.php\/finanzplanung\/#breadcrumb"},"inLanguage":"de","potentialAction":[{"@type":"ReadAction","target":["https:\/\/mafinco.ch\/index.php\/finanzplanung\/"]}]},{"@type":"BreadcrumbList","@id":"https:\/\/mafinco.ch\/index.php\/finanzplanung\/#breadcrumb","itemListElement":[{"@type":"ListItem","position":1,"name":"Startseite","item":"https:\/\/mafinco.ch\/"},{"@type":"ListItem","position":2,"name":"Finanzplanung"}]},{"@type":"WebSite","@id":"https:\/\/mafinco.ch\/#website","url":"https:\/\/mafinco.ch\/","name":"mafinco","description":"","publisher":{"@id":"https:\/\/mafinco.ch\/#organization"},"potentialAction":[{"@type":"SearchAction","target":{"@type":"EntryPoint","urlTemplate":"https:\/\/mafinco.ch\/?s={search_term_string}"},"query-input":{"@type":"PropertyValueSpecification","valueRequired":true,"valueName":"search_term_string"}}],"inLanguage":"de"},{"@type":"Organization","@id":"https:\/\/mafinco.ch\/#organization","name":"mafinco","url":"https:\/\/mafinco.ch\/","logo":{"@type":"ImageObject","inLanguage":"de","@id":"https:\/\/mafinco.ch\/#\/schema\/logo\/image\/","url":"https:\/\/mafinco.ch\/wp-content\/uploads\/2024\/09\/Mafinco-Complete.svg","contentUrl":"https:\/\/mafinco.ch\/wp-content\/uploads\/2024\/09\/Mafinco-Complete.svg","width":680,"height":404,"caption":"mafinco"},"image":{"@id":"https:\/\/mafinco.ch\/#\/schema\/logo\/image\/"}}]}},"_links":{"self":[{"href":"https:\/\/mafinco.ch\/index.php\/wp-json\/wp\/v2\/pages\/1245","targetHints":{"allow":["GET"]}}],"collection":[{"href":"https:\/\/mafinco.ch\/index.php\/wp-json\/wp\/v2\/pages"}],"about":[{"href":"https:\/\/mafinco.ch\/index.php\/wp-json\/wp\/v2\/types\/page"}],"author":[{"embeddable":true,"href":"https:\/\/mafinco.ch\/index.php\/wp-json\/wp\/v2\/users\/1"}],"replies":[{"embeddable":true,"href":"https:\/\/mafinco.ch\/index.php\/wp-json\/wp\/v2\/comments?post=1245"}],"version-history":[{"count":16,"href":"https:\/\/mafinco.ch\/index.php\/wp-json\/wp\/v2\/pages\/1245\/revisions"}],"predecessor-version":[{"id":2190,"href":"https:\/\/mafinco.ch\/index.php\/wp-json\/wp\/v2\/pages\/1245\/revisions\/2190"}],"wp:attachment":[{"href":"https:\/\/mafinco.ch\/index.php\/wp-json\/wp\/v2\/media?parent=1245"}],"curies":[{"name":"wp","href":"https:\/\/api.w.org\/{rel}","templated":true}]}}