{"id":1227,"date":"2024-11-30T09:04:13","date_gmt":"2024-11-30T09:04:13","guid":{"rendered":"https:\/\/mafinco.ch\/?page_id=1227"},"modified":"2025-02-14T17:47:41","modified_gmt":"2025-02-14T17:47:41","slug":"start-up","status":"publish","type":"page","link":"https:\/\/mafinco.ch\/index.php\/start-up\/","title":{"rendered":"Start Up"},"content":{"rendered":"\t\t<div data-elementor-type=\"wp-page\" data-elementor-id=\"1227\" class=\"elementor elementor-1227\" data-elementor-post-type=\"page\">\n\t\t\t\t<div class=\"elementor-element elementor-element-6b7b699 e-con-full e-flex e-con e-parent\" data-id=\"6b7b699\" data-element_type=\"container\" data-e-type=\"container\" data-settings=\"{&quot;background_background&quot;:&quot;classic&quot;}\">\n\t\t<div class=\"elementor-element elementor-element-8b6570d e-con-full e-flex e-con e-child\" data-id=\"8b6570d\" data-element_type=\"container\" data-e-type=\"container\">\n\t\t<div class=\"elementor-element elementor-element-ecf85c5 e-con-full e-flex e-con e-child\" data-id=\"ecf85c5\" data-element_type=\"container\" data-e-type=\"container\">\n\t\t\t\t<div class=\"elementor-element elementor-element-cba6234 elementor-widget__width-initial elementor-hidden-tablet elementor-hidden-mobile gradient-text elementor-widget elementor-widget-heading\" data-id=\"cba6234\" data-element_type=\"widget\" data-e-type=\"widget\" data-widget_type=\"heading.default\">\n\t\t\t\t<div class=\"elementor-widget-container\">\n\t\t\t\t\t<h1 class=\"elementor-heading-title elementor-size-default\">Start smarter - Starte mit Mafinco<\/h1>\t\t\t\t<\/div>\n\t\t\t\t<\/div>\n\t\t\t\t<div class=\"elementor-element elementor-element-08cea8e elementor-widget__width-initial elementor-widget elementor-widget-text-editor\" data-id=\"08cea8e\" data-element_type=\"widget\" data-e-type=\"widget\" data-widget_type=\"text-editor.default\">\n\t\t\t\t<div class=\"elementor-widget-container\">\n\t\t\t\t\t\t\t\t\t<p>Die Gr\u00fcndung eines Start-ups ist mehr als nur eine brillante Gesch\u00e4ftsidee. Hinter jedem erfolgreichen Unternehmen stehen komplexe strategische Entscheidungen, die oft im Schatten der Euphorie \u00fcbersehen werden.<\/p>\t\t\t\t\t\t\t\t<\/div>\n\t\t\t\t<\/div>\n\t\t\t\t<\/div>\n\t\t\t\t<\/div>\n\t\t<div class=\"elementor-element elementor-element-64fefc2 e-con-full e-flex e-con e-child\" data-id=\"64fefc2\" data-element_type=\"container\" data-e-type=\"container\" data-settings=\"{&quot;background_background&quot;:&quot;classic&quot;,&quot;background_motion_fx_motion_fx_scrolling&quot;:&quot;yes&quot;,&quot;background_motion_fx_translateY_effect&quot;:&quot;yes&quot;,&quot;background_motion_fx_translateY_direction&quot;:&quot;negative&quot;,&quot;background_motion_fx_translateY_speed&quot;:{&quot;unit&quot;:&quot;px&quot;,&quot;size&quot;:10,&quot;sizes&quot;:[]},&quot;background_motion_fx_translateY_affectedRange&quot;:{&quot;unit&quot;:&quot;%&quot;,&quot;size&quot;:&quot;&quot;,&quot;sizes&quot;:{&quot;start&quot;:0,&quot;end&quot;:100}},&quot;background_motion_fx_devices&quot;:[&quot;desktop&quot;,&quot;tablet&quot;,&quot;mobile&quot;]}\">\n\t\t\t\t<div class=\"elementor-element elementor-element-d26ec8f elementor-widget__width-initial elementor-widget-tablet__width-initial elementor-hidden-desktop elementor-widget elementor-widget-heading\" data-id=\"d26ec8f\" data-element_type=\"widget\" data-e-type=\"widget\" data-widget_type=\"heading.default\">\n\t\t\t\t<div class=\"elementor-widget-container\">\n\t\t\t\t\t<h1 class=\"elementor-heading-title elementor-size-default\">Start smarter - Finanzl\u00f6sungen f\u00fcr Ihre Gr\u00fcnderidee<\/h1>\t\t\t\t<\/div>\n\t\t\t\t<\/div>\n\t\t\t\t<\/div>\n\t\t\t\t<\/div>\n\t\t<div class=\"elementor-element elementor-element-29a3dfd e-flex e-con-boxed e-con e-parent\" data-id=\"29a3dfd\" data-element_type=\"container\" data-e-type=\"container\" data-settings=\"{&quot;background_background&quot;:&quot;classic&quot;}\">\n\t\t\t\t\t<div class=\"e-con-inner\">\n\t\t\t\t<div class=\"elementor-element elementor-element-22ec5be elementor-widget__width-initial elementor-widget elementor-widget-text-editor\" data-id=\"22ec5be\" data-element_type=\"widget\" data-e-type=\"widget\" data-widget_type=\"text-editor.default\">\n\t\t\t\t<div class=\"elementor-widget-container\">\n\t\t\t\t\t\t\t\t\t<p>W\u00e4hrend Unternehmer von ihrem Konzept tr\u00e4umen, warten zahlreiche administrative Herausforderungen: Welche Rechtsform bietet die beste Grundlage? Welche Versicherungen sch\u00fctzen das Unternehmen? Wie strukturiert man Buchhaltung und Kundenmanagement professionell?<\/p>\t\t\t\t\t\t\t\t<\/div>\n\t\t\t\t<\/div>\n\t\t\t\t<div class=\"elementor-element elementor-element-e620cbb elementor-widget__width-initial elementor-widget elementor-widget-text-editor\" data-id=\"e620cbb\" data-element_type=\"widget\" data-e-type=\"widget\" data-widget_type=\"text-editor.default\">\n\t\t\t\t<div class=\"elementor-widget-container\">\n\t\t\t\t\t\t\t\t\t<p>Diese Fragen entscheiden h\u00e4ufig \u00fcber Erfolg oder Scheitern &#8211; nicht die urspr\u00fcngliche Idee. Wer sich fr\u00fchzeitig systematisch vorbereitet, schafft die Voraussetzungen f\u00fcr nachhaltiges Wachstum.<\/p>\t\t\t\t\t\t\t\t<\/div>\n\t\t\t\t<\/div>\n\t\t\t\t\t<\/div>\n\t\t\t\t<\/div>\n\t\t<div class=\"elementor-element elementor-element-949fb2f e-flex e-con-boxed e-con e-parent\" data-id=\"949fb2f\" data-element_type=\"container\" data-e-type=\"container\" data-settings=\"{&quot;background_background&quot;:&quot;classic&quot;}\">\n\t\t\t\t\t<div class=\"e-con-inner\">\n\t\t\t\t<div class=\"elementor-element elementor-element-e0ab750 gradient-text elementor-widget elementor-widget-heading\" data-id=\"e0ab750\" data-element_type=\"widget\" data-e-type=\"widget\" data-widget_type=\"heading.default\">\n\t\t\t\t<div class=\"elementor-widget-container\">\n\t\t\t\t\t<h3 class=\"elementor-heading-title elementor-size-default\">Start Up - Firmenkunden<\/h3>\t\t\t\t<\/div>\n\t\t\t\t<\/div>\n\t\t\t\t<div class=\"elementor-element elementor-element-d130287 elementor-widget elementor-widget-text-editor\" data-id=\"d130287\" data-element_type=\"widget\" data-e-type=\"widget\" data-widget_type=\"text-editor.default\">\n\t\t\t\t<div class=\"elementor-widget-container\">\n\t\t\t\t\t\t\t\t\t<p>F\u00fcr Start-ups sind Versicherungen und administrative Aspekte entscheidend, um Risiken zu minimieren und eine solide Unternehmensgrundlage zu schaffen.<\/p><p>Eine umfassende Absicherung beginnt mit der Berufshaftpflichtversicherung, die das Unternehmen vor finanziellen Sch\u00e4den bei Fehlern oder Leistungsm\u00e4ngeln sch\u00fctzt. Erg\u00e4nzend bietet eine Rechtsschutzversicherung rechtliche Unterst\u00fctzung bei Konflikten, w\u00e4hrend eine Cyber-Versicherung gegen digitale Risiken wie Datendiebstahl oder Systemausf\u00e4lle sch\u00fctzt.<\/p><p>Im Bereich Buchhaltung empfiehlt sich der Einsatz moderner Cloud-L\u00f6sungen, die eine digitale Belegerfassung und transparente Buchf\u00fchrung erm\u00f6glichen. Ein professionelles Cashflow-Management und regelm\u00e4\u00dfige steuerliche Beratung helfen, finanzielle Risiken fr\u00fchzeitig zu erkennen.<\/p><p>Rechtlich gilt es, Gesellschaftsvertr\u00e4ge zu pr\u00e4zisieren, AGB zu formulieren und Datenschutzbestimmungen zu implementieren. Der Schutz geistigen Eigentums durch Markenrechte sichert die Wettbewerbsf\u00e4higkeit.<\/p><p>Vertrauen Sie in unsere Expertise \u2013 wir unterst\u00fctzen und begleiten Sie auf Augenh\u00f6he!<\/p>\t\t\t\t\t\t\t\t<\/div>\n\t\t\t\t<\/div>\n\t\t\t\t\t<\/div>\n\t\t\t\t<\/div>\n\t\t<div class=\"elementor-element elementor-element-c640f85 e-flex e-con-boxed e-con e-parent\" data-id=\"c640f85\" data-element_type=\"container\" data-e-type=\"container\" data-settings=\"{&quot;background_background&quot;:&quot;classic&quot;}\">\n\t\t\t\t\t<div class=\"e-con-inner\">\n\t\t\t\t<div class=\"elementor-element elementor-element-fc11f3f elementor-widget elementor-widget-heading\" data-id=\"fc11f3f\" data-element_type=\"widget\" data-e-type=\"widget\" data-widget_type=\"heading.default\">\n\t\t\t\t<div class=\"elementor-widget-container\">\n\t\t\t\t\t<h3 class=\"elementor-heading-title elementor-size-default\">Start Up - Privatkunden<\/h3>\t\t\t\t<\/div>\n\t\t\t\t<\/div>\n\t\t\t\t<div class=\"elementor-element elementor-element-0de1e17 elementor-widget elementor-widget-text-editor\" data-id=\"0de1e17\" data-element_type=\"widget\" data-e-type=\"widget\" data-widget_type=\"text-editor.default\">\n\t\t\t\t<div class=\"elementor-widget-container\">\n\t\t\t\t\t\t\t\t\t<p>Finanzielle Absicherung f\u00fcr Start-Up-Gr\u00fcnder: Mehr als nur Unternehmensplanung<\/p><p>Als Start-Up-Gr\u00fcnder sind Sie permanent gefordert &#8211; Fragen \u00fcber Fragen h\u00e4ufen sich. In dieser Aufregung wird oft die wichtigste Absicherung vergessen: die pers\u00f6nliche und famili\u00e4re Absicherung.<\/p><p>Ein weit verbreiteter Irrtum ist die Annahme, dass das eigene Unternehmen automatisch die Altersvorsorge sichert. Tats\u00e4chlich ben\u00f6tigt eine solide Finanzplanung eine strategische und unabh\u00e4ngige Herangehensweise.<\/p><p>Cashflow-Management f\u00fcr Gr\u00fcnder<\/p><p>Unsere Expertise konzentriert sich auf zwei zentrale Start-Ups: Sie als Person und Ihr Unternehmen. Wir entwickeln eine effiziente Strategie, die:<\/p><ul><li>Ihre pers\u00f6nlichen finanziellen Risiken minimiert<\/li><li>Die Zukunftsf\u00e4higkeit Ihres Unternehmens sichert<\/li><li>Kosten transparent und kontrollierbar macht<\/li><\/ul><p>Eine durchdachte Finanzplanung erm\u00f6glicht Ihnen, sich vollst\u00e4ndig auf Ihr Kerngesch\u00e4ft zu fokussieren &#8211; ohne die Angst vor finanziellen Engp\u00e4ssen.<\/p>\t\t\t\t\t\t\t\t<\/div>\n\t\t\t\t<\/div>\n\t\t\t\t\t<\/div>\n\t\t\t\t<\/div>\n\t\t\t\t<\/div>\n\t\t","protected":false},"excerpt":{"rendered":"<p>Start smarter &#8211; Starte mit Mafinco Die Gr\u00fcndung eines Start-ups ist mehr als nur eine brillante Gesch\u00e4ftsidee. Hinter jedem erfolgreichen Unternehmen stehen komplexe strategische Entscheidungen, die oft im Schatten der Euphorie \u00fcbersehen werden. Start smarter &#8211; Finanzl\u00f6sungen f\u00fcr Ihre Gr\u00fcnderidee W\u00e4hrend Unternehmer von ihrem Konzept tr\u00e4umen, warten zahlreiche administrative Herausforderungen: Welche Rechtsform bietet die beste [&hellip;]<\/p>\n","protected":false},"author":1,"featured_media":0,"parent":0,"menu_order":0,"comment_status":"closed","ping_status":"closed","template":"","meta":{"inline_featured_image":false,"footnotes":""},"class_list":["post-1227","page","type-page","status-publish","hentry"],"yoast_head":"<!-- This site is optimized with the Yoast SEO plugin v27.4 - https:\/\/yoast.com\/product\/yoast-seo-wordpress\/ -->\n<title>Start Up - mafinco<\/title>\n<meta name=\"robots\" content=\"index, follow, max-snippet:-1, max-image-preview:large, max-video-preview:-1\" \/>\n<link rel=\"canonical\" href=\"https:\/\/mafinco.ch\/index.php\/start-up\/\" \/>\n<meta property=\"og:locale\" content=\"de_DE\" \/>\n<meta property=\"og:type\" content=\"article\" \/>\n<meta property=\"og:title\" content=\"Start Up - mafinco\" \/>\n<meta property=\"og:description\" content=\"Start smarter &#8211; Starte mit Mafinco Die Gr\u00fcndung eines Start-ups ist mehr als nur eine brillante Gesch\u00e4ftsidee. Hinter jedem erfolgreichen Unternehmen stehen komplexe strategische Entscheidungen, die oft im Schatten der Euphorie \u00fcbersehen werden. Start smarter &#8211; Finanzl\u00f6sungen f\u00fcr Ihre Gr\u00fcnderidee W\u00e4hrend Unternehmer von ihrem Konzept tr\u00e4umen, warten zahlreiche administrative Herausforderungen: Welche Rechtsform bietet die beste [&hellip;]\" \/>\n<meta property=\"og:url\" content=\"https:\/\/mafinco.ch\/index.php\/start-up\/\" \/>\n<meta property=\"og:site_name\" content=\"mafinco\" \/>\n<meta property=\"article:modified_time\" content=\"2025-02-14T17:47:41+00:00\" \/>\n<meta name=\"twitter:card\" content=\"summary_large_image\" \/>\n<meta name=\"twitter:label1\" content=\"Gesch\u00e4tzte Lesezeit\" \/>\n\t<meta name=\"twitter:data1\" content=\"2\u00a0Minuten\" \/>\n<script type=\"application\/ld+json\" class=\"yoast-schema-graph\">{\"@context\":\"https:\\\/\\\/schema.org\",\"@graph\":[{\"@type\":\"WebPage\",\"@id\":\"https:\\\/\\\/mafinco.ch\\\/index.php\\\/start-up\\\/\",\"url\":\"https:\\\/\\\/mafinco.ch\\\/index.php\\\/start-up\\\/\",\"name\":\"Start Up - mafinco\",\"isPartOf\":{\"@id\":\"https:\\\/\\\/mafinco.ch\\\/#website\"},\"datePublished\":\"2024-11-30T09:04:13+00:00\",\"dateModified\":\"2025-02-14T17:47:41+00:00\",\"breadcrumb\":{\"@id\":\"https:\\\/\\\/mafinco.ch\\\/index.php\\\/start-up\\\/#breadcrumb\"},\"inLanguage\":\"de\",\"potentialAction\":[{\"@type\":\"ReadAction\",\"target\":[\"https:\\\/\\\/mafinco.ch\\\/index.php\\\/start-up\\\/\"]}]},{\"@type\":\"BreadcrumbList\",\"@id\":\"https:\\\/\\\/mafinco.ch\\\/index.php\\\/start-up\\\/#breadcrumb\",\"itemListElement\":[{\"@type\":\"ListItem\",\"position\":1,\"name\":\"Startseite\",\"item\":\"https:\\\/\\\/mafinco.ch\\\/\"},{\"@type\":\"ListItem\",\"position\":2,\"name\":\"Start Up\"}]},{\"@type\":\"WebSite\",\"@id\":\"https:\\\/\\\/mafinco.ch\\\/#website\",\"url\":\"https:\\\/\\\/mafinco.ch\\\/\",\"name\":\"mafinco\",\"description\":\"\",\"publisher\":{\"@id\":\"https:\\\/\\\/mafinco.ch\\\/#organization\"},\"potentialAction\":[{\"@type\":\"SearchAction\",\"target\":{\"@type\":\"EntryPoint\",\"urlTemplate\":\"https:\\\/\\\/mafinco.ch\\\/?s={search_term_string}\"},\"query-input\":{\"@type\":\"PropertyValueSpecification\",\"valueRequired\":true,\"valueName\":\"search_term_string\"}}],\"inLanguage\":\"de\"},{\"@type\":\"Organization\",\"@id\":\"https:\\\/\\\/mafinco.ch\\\/#organization\",\"name\":\"mafinco\",\"url\":\"https:\\\/\\\/mafinco.ch\\\/\",\"logo\":{\"@type\":\"ImageObject\",\"inLanguage\":\"de\",\"@id\":\"https:\\\/\\\/mafinco.ch\\\/#\\\/schema\\\/logo\\\/image\\\/\",\"url\":\"https:\\\/\\\/mafinco.ch\\\/wp-content\\\/uploads\\\/2024\\\/09\\\/Mafinco-Complete.svg\",\"contentUrl\":\"https:\\\/\\\/mafinco.ch\\\/wp-content\\\/uploads\\\/2024\\\/09\\\/Mafinco-Complete.svg\",\"width\":680,\"height\":404,\"caption\":\"mafinco\"},\"image\":{\"@id\":\"https:\\\/\\\/mafinco.ch\\\/#\\\/schema\\\/logo\\\/image\\\/\"}}]}<\/script>\n<!-- \/ Yoast SEO plugin. -->","yoast_head_json":{"title":"Start Up - mafinco","robots":{"index":"index","follow":"follow","max-snippet":"max-snippet:-1","max-image-preview":"max-image-preview:large","max-video-preview":"max-video-preview:-1"},"canonical":"https:\/\/mafinco.ch\/index.php\/start-up\/","og_locale":"de_DE","og_type":"article","og_title":"Start Up - mafinco","og_description":"Start smarter &#8211; Starte mit Mafinco Die Gr\u00fcndung eines Start-ups ist mehr als nur eine brillante Gesch\u00e4ftsidee. Hinter jedem erfolgreichen Unternehmen stehen komplexe strategische Entscheidungen, die oft im Schatten der Euphorie \u00fcbersehen werden. Start smarter &#8211; Finanzl\u00f6sungen f\u00fcr Ihre Gr\u00fcnderidee W\u00e4hrend Unternehmer von ihrem Konzept tr\u00e4umen, warten zahlreiche administrative Herausforderungen: Welche Rechtsform bietet die beste [&hellip;]","og_url":"https:\/\/mafinco.ch\/index.php\/start-up\/","og_site_name":"mafinco","article_modified_time":"2025-02-14T17:47:41+00:00","twitter_card":"summary_large_image","twitter_misc":{"Gesch\u00e4tzte Lesezeit":"2\u00a0Minuten"},"schema":{"@context":"https:\/\/schema.org","@graph":[{"@type":"WebPage","@id":"https:\/\/mafinco.ch\/index.php\/start-up\/","url":"https:\/\/mafinco.ch\/index.php\/start-up\/","name":"Start Up - mafinco","isPartOf":{"@id":"https:\/\/mafinco.ch\/#website"},"datePublished":"2024-11-30T09:04:13+00:00","dateModified":"2025-02-14T17:47:41+00:00","breadcrumb":{"@id":"https:\/\/mafinco.ch\/index.php\/start-up\/#breadcrumb"},"inLanguage":"de","potentialAction":[{"@type":"ReadAction","target":["https:\/\/mafinco.ch\/index.php\/start-up\/"]}]},{"@type":"BreadcrumbList","@id":"https:\/\/mafinco.ch\/index.php\/start-up\/#breadcrumb","itemListElement":[{"@type":"ListItem","position":1,"name":"Startseite","item":"https:\/\/mafinco.ch\/"},{"@type":"ListItem","position":2,"name":"Start Up"}]},{"@type":"WebSite","@id":"https:\/\/mafinco.ch\/#website","url":"https:\/\/mafinco.ch\/","name":"mafinco","description":"","publisher":{"@id":"https:\/\/mafinco.ch\/#organization"},"potentialAction":[{"@type":"SearchAction","target":{"@type":"EntryPoint","urlTemplate":"https:\/\/mafinco.ch\/?s={search_term_string}"},"query-input":{"@type":"PropertyValueSpecification","valueRequired":true,"valueName":"search_term_string"}}],"inLanguage":"de"},{"@type":"Organization","@id":"https:\/\/mafinco.ch\/#organization","name":"mafinco","url":"https:\/\/mafinco.ch\/","logo":{"@type":"ImageObject","inLanguage":"de","@id":"https:\/\/mafinco.ch\/#\/schema\/logo\/image\/","url":"https:\/\/mafinco.ch\/wp-content\/uploads\/2024\/09\/Mafinco-Complete.svg","contentUrl":"https:\/\/mafinco.ch\/wp-content\/uploads\/2024\/09\/Mafinco-Complete.svg","width":680,"height":404,"caption":"mafinco"},"image":{"@id":"https:\/\/mafinco.ch\/#\/schema\/logo\/image\/"}}]}},"_links":{"self":[{"href":"https:\/\/mafinco.ch\/index.php\/wp-json\/wp\/v2\/pages\/1227","targetHints":{"allow":["GET"]}}],"collection":[{"href":"https:\/\/mafinco.ch\/index.php\/wp-json\/wp\/v2\/pages"}],"about":[{"href":"https:\/\/mafinco.ch\/index.php\/wp-json\/wp\/v2\/types\/page"}],"author":[{"embeddable":true,"href":"https:\/\/mafinco.ch\/index.php\/wp-json\/wp\/v2\/users\/1"}],"replies":[{"embeddable":true,"href":"https:\/\/mafinco.ch\/index.php\/wp-json\/wp\/v2\/comments?post=1227"}],"version-history":[{"count":70,"href":"https:\/\/mafinco.ch\/index.php\/wp-json\/wp\/v2\/pages\/1227\/revisions"}],"predecessor-version":[{"id":2240,"href":"https:\/\/mafinco.ch\/index.php\/wp-json\/wp\/v2\/pages\/1227\/revisions\/2240"}],"wp:attachment":[{"href":"https:\/\/mafinco.ch\/index.php\/wp-json\/wp\/v2\/media?parent=1227"}],"curies":[{"name":"wp","href":"https:\/\/api.w.org\/{rel}","templated":true}]}}